{"id":316,"date":"2020-12-22T00:46:41","date_gmt":"2020-12-21T23:46:41","guid":{"rendered":"https:\/\/gk-conseil.fr\/?page_id=316"},"modified":"2021-03-22T15:04:24","modified_gmt":"2021-03-22T14:04:24","slug":"le-conseil","status":"publish","type":"page","link":"https:\/\/www.gk-conseil.fr\/?page_id=316","title":{"rendered":"Le conseil"},"content":{"rendered":"\n<p class=\"has-text-align-left\" style=\"font-size:15px\">Selon l\u2019\u00e9tat d\u2019avancement de vos projets et selon vos exigences notre approche m\u00e9thodologique s\u2019appuie sur\u00a0:<\/p>\n\n\n\n<p class=\"has-text-align-left\" style=\"font-size:15px\">&#8211; Un diagnostic initial partag\u00e9 permettant une mise en perspective des pratiques existantes avec certaines exigences normatives (RBPP, la loi 2002-2 du 2 janvier 2002, RGPD)<\/p>\n\n\n\n<p class=\"has-text-align-left\" style=\"font-size:15px\">&#8211; L\u2019\u00e9laboration d\u2019un plan d\u2019action cibl\u00e9 int\u00e9grant un calendrier avec des validations d\u2019\u00e9tapes<\/p>\n\n\n\n<p class=\"has-text-align-left\" style=\"font-size:15px\">&#8211; L\u2019accompagnement du r\u00e9f\u00e9rent qualit\u00e9, ou toute autre personne d\u00e9sign\u00e9e au sein de votre organisation, dans la mise en \u0153uvre d\u2019une cellule qualit\u00e9 ou d\u2019un Copil adapt\u00e9 aux contingences de l\u2019\u00e9tablissement<\/p>\n\n\n\n<p class=\"has-text-align-left\" style=\"font-size:15px\">&#8211; L\u2019accompagnement dans le d\u00e9veloppement d\u2019un manuel qualit\u00e9 d\u2019un bout \u00e0 l\u2019autre de la cha\u00eene de management<\/p>\n\n\n\n<p class=\"has-text-align-left\" style=\"font-size:15px\">&#8211; Le suivi du plan d\u2019action et la mise en place de mesures correctives ou d\u2019am\u00e9liorations<\/p>\n\n\n\n<p class=\"has-text-align-left\" style=\"font-size:15px\">&#8211; L\u2019accompagnement dans le choix d\u2019outils d\u2019accompagnement tel que le DUI (Dossier usager Informatis\u00e9) ou d\u2019outils de pilotage de l\u2019activit\u00e9 (Microsoft Power BI, QlikView)<\/p>\n\n\n\n<p class=\"has-text-align-left\" style=\"font-size:15px\">&#8211; L\u2019assistance dans le management d\u2019une synergie lors du d\u00e9ploiement de plusieurs projets simultan\u00e9ment : qualit\u00e9, dossier usager informatis\u00e9, SI RH etc.<\/p>\n","protected":false},"excerpt":{"rendered":"<p>Selon l\u2019\u00e9tat d\u2019avancement de vos projets et selon vos exigences notre approche m\u00e9thodologique s\u2019appuie sur\u00a0: &#8211; Un diagnostic initial partag\u00e9 permettant une mise en perspective des pratiques existantes avec certaines exigences normatives (RBPP, la loi 2002-2 du 2 janvier 2002, RGPD) &#8211; L\u2019\u00e9laboration d\u2019un plan d\u2019action cibl\u00e9 int\u00e9grant un calendrier avec des validations d\u2019\u00e9tapes &#8211; &hellip; <\/p>\n","protected":false},"author":1,"featured_media":0,"parent":0,"menu_order":0,"comment_status":"closed","ping_status":"closed","template":"","meta":[],"_links":{"self":[{"href":"https:\/\/www.gk-conseil.fr\/index.php?rest_route=\/wp\/v2\/pages\/316"}],"collection":[{"href":"https:\/\/www.gk-conseil.fr\/index.php?rest_route=\/wp\/v2\/pages"}],"about":[{"href":"https:\/\/www.gk-conseil.fr\/index.php?rest_route=\/wp\/v2\/types\/page"}],"author":[{"embeddable":true,"href":"https:\/\/www.gk-conseil.fr\/index.php?rest_route=\/wp\/v2\/users\/1"}],"replies":[{"embeddable":true,"href":"https:\/\/www.gk-conseil.fr\/index.php?rest_route=%2Fwp%2Fv2%2Fcomments&post=316"}],"version-history":[{"count":3,"href":"https:\/\/www.gk-conseil.fr\/index.php?rest_route=\/wp\/v2\/pages\/316\/revisions"}],"predecessor-version":[{"id":381,"href":"https:\/\/www.gk-conseil.fr\/index.php?rest_route=\/wp\/v2\/pages\/316\/revisions\/381"}],"wp:attachment":[{"href":"https:\/\/www.gk-conseil.fr\/index.php?rest_route=%2Fwp%2Fv2%2Fmedia&parent=316"}],"curies":[{"name":"wp","href":"https:\/\/api.w.org\/{rel}","templated":true}]}}