{"id":322,"date":"2020-12-22T00:52:26","date_gmt":"2020-12-21T23:52:26","guid":{"rendered":"https:\/\/gk-conseil.fr\/?page_id=322"},"modified":"2024-10-30T12:08:56","modified_gmt":"2024-10-30T11:08:56","slug":"formation","status":"publish","type":"page","link":"https:\/\/www.gk-conseil.fr\/?page_id=322","title":{"rendered":"Formation"},"content":{"rendered":"<p><\/p>\n\n\n<\/p>\n<h4><strong>Formations bureautiques<\/strong><\/h4>\n<p style=\"font-size: 15px;\">Notre p\u00f4le formation dispense des formations adapt\u00e9es et personnalis\u00e9es.<\/p>\n<p>\n\n\n<p><\/p>\n<p><\/p>\n\n\n<\/p>\n<p><strong>Nos offres de formations bureautiques<\/strong> \u00e9ligibles au CPF sont disponibles sur le site MON COMPTE FORMATION <a href=\"https:\/\/www.moncompteformation.gouv.fr\" target=\"_blank\" rel=\"noreferrer noopener\">https:\/\/www.moncompteformation.gouv.fr<\/a>\/.<br>Pour y acc\u00e9der, cliquez sur les liens ci-dessous :<\/p>\n<p>\n\n\n<p><\/p>\n<p><\/p>\n\n\n<\/p>\n<p><strong>Formation \u00e0 WORD_Niveau D\u00e9butant_Certification TOSA<\/strong> : <a href=\"https:\/\/www.moncompteformation.gouv.fr\/espace-prive\/html\/#\/formation\/recherche\/41158861900022_WORD-TOSA-DEBUTANT\/41158861900022_WORD-TOSA-DEBUTANT-A1\" target=\"_blank\" rel=\"noreferrer noopener\">https:\/\/www.moncompteformation.gouv.fr\/espace-prive\/html\/#\/formation\/recherche\/41158861900022_WORD-TOSA-DEBUTANT\/41158861900022_WORD-TOSA-DEBUTANT-A1<\/a><\/p>\n<p>\n\n\n<p><\/p>\n<p><\/p>\n\n\n<\/p>\n<p><strong>Formation \u00e0 WORD_Niveau Interm\u00e9diaire_Certification TOSA<\/strong> : <a href=\"https:\/\/www.moncompteformation.gouv.fr\/espace-prive\/html\/#\/formation\/recherche\/41158861900022_WORD-TOSA-INTERMEDIAIRE\/41158861900022_WORD-TOSA-INTERMEDIAIRE-A1\" target=\"_blank\" rel=\"noreferrer noopener\">https:\/\/www.moncompteformation.gouv.fr\/espace-prive\/html\/#\/formation\/recherche\/41158861900022_WORD-TOSA-INTERMEDIAIRE\/41158861900022_WORD-TOSA-INTERMEDIAIRE-A1<\/a><\/p>\n<p>\n\n\n<p><\/p>\n<p><\/p>\n\n\n<\/p>\n<p><strong>Formation \u00e0 WORD_Niveau Avanc\u00e9_Certification TOSA<\/strong> : <a href=\"https:\/\/www.moncompteformation.gouv.fr\/espace-prive\/html\/#\/formation\/recherche\/41158861900022_WORD_TOSA_AVANCE\/41158861900022_WORD_TOSA_AVANCE_A1\" target=\"_blank\" rel=\"noreferrer noopener\">https:\/\/www.moncompteformation.gouv.fr\/espace-prive\/html\/#\/formation\/recherche\/41158861900022_WORD_TOSA_AVANCE\/41158861900022_WORD_TOSA_AVANCE_A1<\/a><\/p>\n<p>\n\n\n<p><\/p>\n<p><\/p>\n\n\n<\/p>\n<h4 style=\"font-size: 24px;\"><strong>Formations Ogirys<\/strong><\/h4>\n<p>\n\n\n<p><\/p>\n<p><\/p>\n\n\n<\/p>\n<p>Fort d\u2019une exp\u00e9rience de plus de 10 ans dans le d\u00e9ploiement du dossier usager informatis\u00e9 Ogirys, GK Conseil est en mesure de vous proposer les formations ci-dessous concernant les utilisateurs d\u2019Ogirys :<\/p>\n<p>\u2022 Accompagnement de l\u2019usager<br>\u2022 Accompagnement administratif<br>\u2022 Les donn\u00e9es de sant\u00e9 dans Ogirys<\/p>\n<p>\n\n\n<p><\/p>\n<p><\/p>\n\n\n<\/p>\n<p>Nous proposons des formations souples et adapt\u00e9es aux diff\u00e9rents besoins des structures du secteur m\u00e9dico-social.<\/p>\n<p>\n\n\n<p><\/p>","protected":false},"excerpt":{"rendered":"<p>Formations bureautiques Notre p\u00f4le formation dispense des formations adapt\u00e9es et personnalis\u00e9es. Nos offres de formations bureautiques \u00e9ligibles au CPF sont disponibles sur le site MON COMPTE FORMATION https:\/\/www.moncompteformation.gouv.fr\/.Pour y acc\u00e9der, cliquez sur les liens ci-dessous : Formation \u00e0 WORD_Niveau D\u00e9butant_Certification TOSA : https:\/\/www.moncompteformation.gouv.fr\/espace-prive\/html\/#\/formation\/recherche\/41158861900022_WORD-TOSA-DEBUTANT\/41158861900022_WORD-TOSA-DEBUTANT-A1 Formation \u00e0 WORD_Niveau Interm\u00e9diaire_Certification TOSA : https:\/\/www.moncompteformation.gouv.fr\/espace-prive\/html\/#\/formation\/recherche\/41158861900022_WORD-TOSA-INTERMEDIAIRE\/41158861900022_WORD-TOSA-INTERMEDIAIRE-A1 Formation \u00e0 WORD_Niveau Avanc\u00e9_Certification TOSA &hellip; <\/p>\n","protected":false},"author":1,"featured_media":0,"parent":0,"menu_order":0,"comment_status":"closed","ping_status":"closed","template":"","meta":[],"_links":{"self":[{"href":"https:\/\/www.gk-conseil.fr\/index.php?rest_route=\/wp\/v2\/pages\/322"}],"collection":[{"href":"https:\/\/www.gk-conseil.fr\/index.php?rest_route=\/wp\/v2\/pages"}],"about":[{"href":"https:\/\/www.gk-conseil.fr\/index.php?rest_route=\/wp\/v2\/types\/page"}],"author":[{"embeddable":true,"href":"https:\/\/www.gk-conseil.fr\/index.php?rest_route=\/wp\/v2\/users\/1"}],"replies":[{"embeddable":true,"href":"https:\/\/www.gk-conseil.fr\/index.php?rest_route=%2Fwp%2Fv2%2Fcomments&post=322"}],"version-history":[{"count":23,"href":"https:\/\/www.gk-conseil.fr\/index.php?rest_route=\/wp\/v2\/pages\/322\/revisions"}],"predecessor-version":[{"id":7046,"href":"https:\/\/www.gk-conseil.fr\/index.php?rest_route=\/wp\/v2\/pages\/322\/revisions\/7046"}],"wp:attachment":[{"href":"https:\/\/www.gk-conseil.fr\/index.php?rest_route=%2Fwp%2Fv2%2Fmedia&parent=322"}],"curies":[{"name":"wp","href":"https:\/\/api.w.org\/{rel}","templated":true}]}}