{"id":327,"date":"2020-12-22T00:54:07","date_gmt":"2020-12-21T23:54:07","guid":{"rendered":"https:\/\/gk-conseil.fr\/?page_id=327"},"modified":"2021-03-22T15:22:56","modified_gmt":"2021-03-22T14:22:56","slug":"accompagnement-rgpd","status":"publish","type":"page","link":"https:\/\/www.gk-conseil.fr\/?page_id=327","title":{"rendered":"Accompagnement RGPD"},"content":{"rendered":"\n<p style=\"font-size:15px\">Notre \u00e9quipe de consultants sp\u00e9cialis\u00e9s vous accompagne durant les diff\u00e9rentes \u00e9tapes de la mise en conformit\u00e9 au RGPD<\/p>\n\n\n\n<p><strong>Phase 1&nbsp;: Initiation aux premi\u00e8res d\u00e9marches de mise en conformit\u00e9<\/strong><\/p>\n\n\n\n<ul><li>Sensibilisation\/formalisation au RGPD (obligation, sanction, implications pratiques, etc.)<\/li><li>Pr\u00e9sentation de la notion de Data Protection Officer (DPO)<\/li><li>D\u00e9veloppement d\u2019une mise en conformit\u00e9 personnalis\u00e9e<\/li><\/ul>\n\n\n\n<p><strong>Phase 2&nbsp;: Inventaire des process<\/strong><\/p>\n\n\n\n<ul><li>Inventaire des donn\u00e9es trait\u00e9es (nature de la donn\u00e9e, sensibilit\u00e9)<\/li><li>Inventaire des process de traitement, de conservation, d\u2019archivage, et des niveaux de s\u00e9curisation<\/li><li>Inventaire des canaux de diffusion de donn\u00e9es<\/li><li>Inventaire des contrats avec les tiers<\/li><li>R\u00e9alisation d\u2019une cartographie des traitements<\/li><\/ul>\n\n\n\n<p><strong>Phase 3&nbsp;: \u00c9tablissement du registre des traitements<\/strong><\/p>\n\n\n\n<ul><li>Accompagnement continu dans l\u2019\u00e9tablissement du registre de traitement<\/li><\/ul>\n\n\n\n<p><strong>Phase 4&nbsp;: Accompagnement dans la mise en \u0153uvre du respect de vos obligations<\/strong><\/p>\n\n\n\n<ul><li>Mise en conformit\u00e9 juridique : r\u00e9daction des contrats, charte(s), accompagnement dans la r\u00e9alisation des analyses d\u2019impact<\/li><li>Mise en conformit\u00e9 des syst\u00e8mes d\u2019information : acc\u00e8s, temps de conservation, archivage, destruction, mobilit\u00e9, s\u00e9curit\u00e9<\/li><li>Assistance \u00e0 la r\u00e9daction des proc\u00e9dures organisationnelles et techniques<\/li><\/ul>\n\n\n\n<p><strong>Tout au long de la d\u00e9marche, GK Conseil :<\/strong><\/p>\n\n\n\n<ul><li>Pilote l\u2019\u00e9laboration et la mise en \u0153uvre de mesures et proc\u00e9dures appropri\u00e9es \u00e0 votre mise en conformit\u00e9<\/li><li>Vous informe, vous conseille, ainsi que votre personnel, sur les obligations qui vous incombent<\/li><li>Audite et contr\u00f4le le respect des proc\u00e9dures mises en \u0153uvre<\/li><li>Vous conseille concernant la r\u00e9alisation d\u2019\u00e9tudes d\u2019impact et s\u2019agissant des mesures \u00e0 prendre en cas de manquement constat\u00e9<\/li><li>Assure le lien et la coop\u00e9ration entre votre association et la CNIL<\/li><li>Assure le suivi du registre de traitement<\/li><\/ul>\n\n\n\n<p>CNIL&nbsp;vs Secteur M\u00e9dico-sociale: <a href=\"https:\/\/www.cnil.fr\/fr\/la-protection-des-donnees-personnelles-dans-le-secteur-social\">https:\/\/www.cnil.fr\/fr\/la-protection-des-donnees-personnelles-dans-le-secteur-social<\/a><\/p>\n","protected":false},"excerpt":{"rendered":"<p>Notre \u00e9quipe de consultants sp\u00e9cialis\u00e9s vous accompagne durant les diff\u00e9rentes \u00e9tapes de la mise en conformit\u00e9 au RGPD Phase 1&nbsp;: Initiation aux premi\u00e8res d\u00e9marches de mise en conformit\u00e9 Sensibilisation\/formalisation au RGPD (obligation, sanction, implications pratiques, etc.) Pr\u00e9sentation de la notion de Data Protection Officer (DPO) D\u00e9veloppement d\u2019une mise en conformit\u00e9 personnalis\u00e9e Phase 2&nbsp;: Inventaire des &hellip; <\/p>\n","protected":false},"author":1,"featured_media":0,"parent":0,"menu_order":0,"comment_status":"closed","ping_status":"closed","template":"","meta":[],"_links":{"self":[{"href":"https:\/\/www.gk-conseil.fr\/index.php?rest_route=\/wp\/v2\/pages\/327"}],"collection":[{"href":"https:\/\/www.gk-conseil.fr\/index.php?rest_route=\/wp\/v2\/pages"}],"about":[{"href":"https:\/\/www.gk-conseil.fr\/index.php?rest_route=\/wp\/v2\/types\/page"}],"author":[{"embeddable":true,"href":"https:\/\/www.gk-conseil.fr\/index.php?rest_route=\/wp\/v2\/users\/1"}],"replies":[{"embeddable":true,"href":"https:\/\/www.gk-conseil.fr\/index.php?rest_route=%2Fwp%2Fv2%2Fcomments&post=327"}],"version-history":[{"count":5,"href":"https:\/\/www.gk-conseil.fr\/index.php?rest_route=\/wp\/v2\/pages\/327\/revisions"}],"predecessor-version":[{"id":1867,"href":"https:\/\/www.gk-conseil.fr\/index.php?rest_route=\/wp\/v2\/pages\/327\/revisions\/1867"}],"wp:attachment":[{"href":"https:\/\/www.gk-conseil.fr\/index.php?rest_route=%2Fwp%2Fv2%2Fmedia&parent=327"}],"curies":[{"name":"wp","href":"https:\/\/api.w.org\/{rel}","templated":true}]}}