{"id":329,"date":"2020-12-22T00:55:33","date_gmt":"2020-12-21T23:55:33","guid":{"rendered":"https:\/\/gk-conseil.fr\/?page_id=329"},"modified":"2021-03-22T15:08:40","modified_gmt":"2021-03-22T14:08:40","slug":"accompagnement-a-la-transition-numerique","status":"publish","type":"page","link":"https:\/\/www.gk-conseil.fr\/?page_id=329","title":{"rendered":"Accompagnement \u00e0 la transition num\u00e9rique"},"content":{"rendered":"\n<p style=\"font-size:15px\">GK conseil, suite \u00e0 un audit de vos syst\u00e8mes d\u2019informations, proposera de vous accompagner dans le choix d\u2019outils adapt\u00e9s \u00e0 vos besoins et des ressources que vous serez en mesure de mobiliser.<\/p>\n\n\n\n<p style=\"font-size:15px\">La tendance sectorielle qui ne cesse de s\u2019accentuer, oblige les associations gestionnaires, quelle que soit leur taille, \u00e0 prendre le \u00ab&nbsp;virage du num\u00e9rique&nbsp;\u00bb afin de pouvoir accompagner au mieux les usagers\/b\u00e9n\u00e9ficiaires.<\/p>\n\n\n\n<p style=\"font-size:15px\">S\u2019inscrire dans une transition num\u00e9rique des syst\u00e8mes d\u2019informations renforce aussi&nbsp;:<\/p>\n\n\n\n<ul><li>La coop\u00e9ration entre les professionnels entourant la personne accompagn\u00e9e<\/li><li>La valorisation des prestations de services des structures et am\u00e9liore leur efficience<\/li><\/ul>\n\n\n\n<p style=\"font-size:15px\">Fort de multiples exp\u00e9riences r\u00e9ussies dans le d\u00e9ploiement du DUI (Dossier Usager Informatis\u00e9), de solutions informatiques infra et logiciels (Office 365, Cloud, sauvegardes, etc.), de d\u00e9veloppement Web et de solution de pilotage et\/ou de contr\u00f4le de gestion (Power BI, QlikView), GK conseil sera vous conseiller et vous accompagner dans vos projets li\u00e9s \u00e0 la transition num\u00e9rique.<\/p>\n\n\n\n<div class=\"wp-block-image\"><figure class=\"aligncenter size-large is-resized\"><img loading=\"lazy\" src=\"https:\/\/gk-conseil.fr\/wp-content\/uploads\/2020\/12\/image-3.png\" alt=\"\" class=\"wp-image-330\" width=\"542\" height=\"151\" srcset=\"https:\/\/www.gk-conseil.fr\/wp-content\/uploads\/2020\/12\/image-3.png 434w, https:\/\/www.gk-conseil.fr\/wp-content\/uploads\/2020\/12\/image-3-300x84.png 300w, https:\/\/www.gk-conseil.fr\/wp-content\/uploads\/2020\/12\/image-3-215x60.png 215w\" sizes=\"(max-width: 542px) 100vw, 542px\" \/><\/figure><\/div>\n\n\n\n<p><strong>Indicateurs de la performance:<\/strong> <a href=\"http:\/\/ressources.anap.fr\/numerique\/publication\/2610-pourquoi-mobiliser-le-numerique-dans-une-structure-medico-sociale\">http:\/\/ressources.anap.fr\/numerique\/publication\/2610-pourquoi-mobiliser-le-numerique-dans-une-structure-medico-sociale<\/a><\/p>\n","protected":false},"excerpt":{"rendered":"<p>GK conseil, suite \u00e0 un audit de vos syst\u00e8mes d\u2019informations, proposera de vous accompagner dans le choix d\u2019outils adapt\u00e9s \u00e0 vos besoins et des ressources que vous serez en mesure de mobiliser. La tendance sectorielle qui ne cesse de s\u2019accentuer, oblige les associations gestionnaires, quelle que soit leur taille, \u00e0 prendre le \u00ab&nbsp;virage du num\u00e9rique&nbsp;\u00bb &hellip; <\/p>\n","protected":false},"author":1,"featured_media":0,"parent":0,"menu_order":0,"comment_status":"closed","ping_status":"closed","template":"","meta":[],"_links":{"self":[{"href":"https:\/\/www.gk-conseil.fr\/index.php?rest_route=\/wp\/v2\/pages\/329"}],"collection":[{"href":"https:\/\/www.gk-conseil.fr\/index.php?rest_route=\/wp\/v2\/pages"}],"about":[{"href":"https:\/\/www.gk-conseil.fr\/index.php?rest_route=\/wp\/v2\/types\/page"}],"author":[{"embeddable":true,"href":"https:\/\/www.gk-conseil.fr\/index.php?rest_route=\/wp\/v2\/users\/1"}],"replies":[{"embeddable":true,"href":"https:\/\/www.gk-conseil.fr\/index.php?rest_route=%2Fwp%2Fv2%2Fcomments&post=329"}],"version-history":[{"count":3,"href":"https:\/\/www.gk-conseil.fr\/index.php?rest_route=\/wp\/v2\/pages\/329\/revisions"}],"predecessor-version":[{"id":1182,"href":"https:\/\/www.gk-conseil.fr\/index.php?rest_route=\/wp\/v2\/pages\/329\/revisions\/1182"}],"wp:attachment":[{"href":"https:\/\/www.gk-conseil.fr\/index.php?rest_route=%2Fwp%2Fv2%2Fmedia&parent=329"}],"curies":[{"name":"wp","href":"https:\/\/api.w.org\/{rel}","templated":true}]}}