{"id":7987,"date":"2025-05-12T23:36:42","date_gmt":"2025-05-12T21:36:42","guid":{"rendered":"https:\/\/www.gk-conseil.fr\/?page_id=7987"},"modified":"2025-05-12T23:36:42","modified_gmt":"2025-05-12T21:36:42","slug":"qui-sommes-nous-2","status":"publish","type":"page","link":"https:\/\/www.gk-conseil.fr\/?page_id=7987","title":{"rendered":"Qui sommes-nous ?"},"content":{"rendered":"\n<p>GK CONSEIL AUDIT est sp\u00e9cialis\u00e9 depuis 10 ans dans le conseil, la formation et l\u2019\u00e9valuation des \u00e9tablissements et services sociaux et m\u00e9dico-sociaux.<\/p>\n\n\n\n<p>Le dirigeant de GK CONSEIL AUDIT a exerc\u00e9 une partie de sa carri\u00e8re professionnelle dans le champ de la protection de l\u2019enfance et a \u00e9t\u00e9 assesseur au tribunal pour enfants de Lyon <em>(seconde plus importante juridiction apr\u00e8s celle de Bobigny),<\/em> et a occup\u00e9 des postes de cadres au sein d\u2019organismes gestionnaires de diff\u00e9rentes tailles du secteur social et m\u00e9dico-social.<\/p>\n\n\n\n<p>Les intervenants de GK CONSEIL AUDIT ont un parcours similaire au dirigeant. Ils ont occup\u00e9 des fonctions soit de soignants ou d\u2019\u00e9ducateurs, pour ensuite \u00e9voluer vers des fonctions de Cadre de sant\u00e9 et de Responsable d\u2019Ehpad ou de p\u00f4le. Les intervenants de GK CONSEIL AUDIT connaissent parfaitement les enjeux du secteur social et m\u00e9dico-social ainsi que les diff\u00e9rentes modalit\u00e9s d\u2019accompagnement propos\u00e9s au sein de votre ou vos \u00e9tablissements et services.<\/p>\n\n\n\n<p>GK CONSEIL AUDIT est en capacit\u00e9 de piloter et manager tous types de projets et de diff\u00e9rentes tailles en s\u2019appuyant sur des ressources humaines et mat\u00e9riels adapt\u00e9s, pouvant balayer tout le spectre du champ du secteur social et m\u00e9dico-social.<\/p>\n\n\n\n<p>GK CONSEIL AUDIT apporte une attention particuli\u00e8re \u00e0 la singularit\u00e9 des personnes accompagn\u00e9es et \u00e0 la sp\u00e9cificit\u00e9 des accompagnements propos\u00e9s demandant parfois de contextualiser cette d\u00e9marche.<\/p>\n","protected":false},"excerpt":{"rendered":"<p>GK CONSEIL AUDIT est sp\u00e9cialis\u00e9 depuis 10 ans dans le conseil, la formation et l\u2019\u00e9valuation des \u00e9tablissements et services sociaux et m\u00e9dico-sociaux. Le dirigeant de GK CONSEIL AUDIT a exerc\u00e9 une partie de sa carri\u00e8re professionnelle dans le champ de la protection de l\u2019enfance et a \u00e9t\u00e9 assesseur au tribunal pour enfants de Lyon (seconde &hellip; <\/p>\n","protected":false},"author":1,"featured_media":0,"parent":0,"menu_order":0,"comment_status":"closed","ping_status":"closed","template":"","meta":[],"_links":{"self":[{"href":"https:\/\/www.gk-conseil.fr\/index.php?rest_route=\/wp\/v2\/pages\/7987"}],"collection":[{"href":"https:\/\/www.gk-conseil.fr\/index.php?rest_route=\/wp\/v2\/pages"}],"about":[{"href":"https:\/\/www.gk-conseil.fr\/index.php?rest_route=\/wp\/v2\/types\/page"}],"author":[{"embeddable":true,"href":"https:\/\/www.gk-conseil.fr\/index.php?rest_route=\/wp\/v2\/users\/1"}],"replies":[{"embeddable":true,"href":"https:\/\/www.gk-conseil.fr\/index.php?rest_route=%2Fwp%2Fv2%2Fcomments&post=7987"}],"version-history":[{"count":1,"href":"https:\/\/www.gk-conseil.fr\/index.php?rest_route=\/wp\/v2\/pages\/7987\/revisions"}],"predecessor-version":[{"id":7988,"href":"https:\/\/www.gk-conseil.fr\/index.php?rest_route=\/wp\/v2\/pages\/7987\/revisions\/7988"}],"wp:attachment":[{"href":"https:\/\/www.gk-conseil.fr\/index.php?rest_route=%2Fwp%2Fv2%2Fmedia&parent=7987"}],"curies":[{"name":"wp","href":"https:\/\/api.w.org\/{rel}","templated":true}]}}